{"id":641,"date":"2022-05-30T08:15:26","date_gmt":"2022-05-30T08:15:26","guid":{"rendered":"https:\/\/northernmarketing.fi\/?page_id=641"},"modified":"2022-07-19T12:47:46","modified_gmt":"2022-07-19T12:47:46","slug":"what-we-do","status":"publish","type":"page","link":"https:\/\/northernmarketing.fi\/fi\/what-we-do\/","title":{"rendered":"Meist\u00e4"},"content":{"rendered":"<div data-elementor-type=\"wp-page\" data-elementor-id=\"641\" class=\"elementor elementor-641\" data-elementor-post-type=\"page\">\n\t\t\t\t\t\t<section class=\"elementor-section elementor-top-section elementor-element elementor-element-c05621e elementor-section-boxed elementor-section-height-default elementor-section-height-default\" data-id=\"c05621e\" data-element_type=\"section\" data-settings=\"{&quot;background_background&quot;:&quot;classic&quot;,&quot;jet_parallax_layout_list&quot;:[]}\">\n\t\t\t\t\t\t<div class=\"elementor-container elementor-column-gap-default\">\n\t\t\t\t\t<div class=\"elementor-column elementor-col-100 elementor-top-column elementor-element elementor-element-285fefc\" data-id=\"285fefc\" data-element_type=\"column\">\n\t\t\t<div class=\"elementor-widget-wrap elementor-element-populated\">\n\t\t\t\t\t\t<div class=\"elementor-element elementor-element-fc59e5d elementor-widget elementor-widget-heading\" data-id=\"fc59e5d\" data-element_type=\"widget\" data-widget_type=\"heading.default\">\n\t\t\t\t<div class=\"elementor-widget-container\">\n\t\t\t<h1 class=\"elementor-heading-title elementor-size-default\">Keit\u00e4 me olemme?<\/h1>\t\t<\/div>\n\t\t\t\t<\/div>\n\t\t\t\t<div class=\"elementor-element elementor-element-443d704 elementor-widget elementor-widget-text-editor\" data-id=\"443d704\" data-element_type=\"widget\" data-widget_type=\"text-editor.default\">\n\t\t\t\t<div class=\"elementor-widget-container\">\n\t\t\t\t\t\t\t<p>Tiimimme koostuu digitaalisen markkinoinnin parhaista ammattilaisista ja asiantuntijoista. Olemme asiakasl\u00e4ht\u00f6isi\u00e4 sis\u00e4ll\u00f6ntuottajia, suunnittelijoita, koodareita ja koordinaattoreita. Lis\u00e4ksi meill\u00e4 on oma myyntitiimi, joka keskittyy media- ja projektimyyntiin.\u00a0<\/p><p>Tied\u00e4mme, ett\u00e4 yrityksen matkan varrella voi olla runsaasti sudenkuoppia ja siksi jokaisen yrityksen olisi hyv\u00e4 turvautua ammattitaitoiseen kumppaniin saadakseen irti kaiken mahdollisen digitaalisista kanavista ja markkinointimahdollisuuksista. Northen Light Marketingilla emme ole oikomassa polkuja. Ty\u00f6skentelemme tiimin\u00e4 saavuttaaksemme sinun tavoitteesi ja kasvattaaksemme sinun liiketoimintaasi.\u00a0<\/p>\t\t\t\t\t\t<\/div>\n\t\t\t\t<\/div>\n\t\t\t\t\t<\/div>\n\t\t<\/div>\n\t\t\t\t\t<\/div>\n\t\t<\/section>\n\t\t\t\t<section class=\"elementor-section elementor-top-section elementor-element elementor-element-07b6ce7 elementor-section-height-min-height elementor-section-items-top grad_sec elementor-section-boxed elementor-section-height-default\" data-id=\"07b6ce7\" data-element_type=\"section\" data-settings=\"{&quot;background_background&quot;:&quot;gradient&quot;,&quot;jet_parallax_layout_list&quot;:[]}\">\n\t\t\t\t\t\t<div class=\"elementor-container elementor-column-gap-default\">\n\t\t\t\t\t<div class=\"elementor-column elementor-col-50 elementor-top-column elementor-element elementor-element-941a8dc\" data-id=\"941a8dc\" data-element_type=\"column\">\n\t\t\t<div class=\"elementor-widget-wrap elementor-element-populated\">\n\t\t\t\t\t\t<div class=\"elementor-element elementor-element-bb14637 elementor-widget elementor-widget-heading\" data-id=\"bb14637\" data-element_type=\"widget\" data-widget_type=\"heading.default\">\n\t\t\t\t<div class=\"elementor-widget-container\">\n\t\t\t<h2 class=\"elementor-heading-title elementor-size-default\">Pohjoisesta etel\u00e4isimp\u00e4\u00e4n Espanjaan<\/h2>\t\t<\/div>\n\t\t\t\t<\/div>\n\t\t\t\t\t<\/div>\n\t\t<\/div>\n\t\t\t\t<div class=\"elementor-column elementor-col-50 elementor-top-column elementor-element elementor-element-e03fc0e\" data-id=\"e03fc0e\" data-element_type=\"column\">\n\t\t\t<div class=\"elementor-widget-wrap elementor-element-populated\">\n\t\t\t\t\t\t<div class=\"elementor-element elementor-element-f719a42 elementor-widget elementor-widget-text-editor\" data-id=\"f719a42\" data-element_type=\"widget\" data-widget_type=\"text-editor.default\">\n\t\t\t\t<div class=\"elementor-widget-container\">\n\t\t\t\t\t\t\t<p>Toimistomme sijaitsee Espanjassa, Fuengirolassa. Meill\u00e4 on kumppaneita my\u00f6s Britanniassa, Suomessa ja Ruotsissa. Tiimimme tuntee markkinan sek\u00e4, pohjoisessa, etel\u00e4ss\u00e4 ja kaikkialla siin\u00e4 v\u00e4liss\u00e4.<\/p><p>We are at our best in digital marketing, website, application &amp; online store development, demanding integrations and graphic design services.<\/p><p>Tarjoamme my\u00f6s ainutlaatuista mainostilaa, joka auttaa yrityst\u00e4si tavoittamaan kohdeyleis\u00f6n vaivatta.<\/p><p>Northern Lights-digitoimistosta saat kaikki digimainonnan palvelut saman katon alta. Huolimatta siit\u00e4 oletko pohjoisessa vai etel\u00e4ss\u00e4, tunnemme markkinan.<\/p>\t\t\t\t\t\t<\/div>\n\t\t\t\t<\/div>\n\t\t\t\t\t<\/div>\n\t\t<\/div>\n\t\t\t\t\t<\/div>\n\t\t<\/section>\n\t\t\t\t<section class=\"elementor-section elementor-top-section elementor-element elementor-element-2e36dfc elementor-section-boxed elementor-section-height-default elementor-section-height-default\" data-id=\"2e36dfc\" data-element_type=\"section\" data-settings=\"{&quot;jet_parallax_layout_list&quot;:[]}\">\n\t\t\t\t\t\t<div class=\"elementor-container elementor-column-gap-default\">\n\t\t\t\t\t<div class=\"elementor-column elementor-col-100 elementor-top-column elementor-element elementor-element-ddabfc5\" data-id=\"ddabfc5\" data-element_type=\"column\">\n\t\t\t<div class=\"elementor-widget-wrap elementor-element-populated\">\n\t\t\t\t\t\t<div class=\"elementor-element elementor-element-df3b9c5 elementor-widget elementor-widget-image\" data-id=\"df3b9c5\" data-element_type=\"widget\" data-widget_type=\"image.default\">\n\t\t\t\t<div class=\"elementor-widget-container\">\n\t\t\t\t\t\t\t\t\t\t\t\t\t<img fetchpriority=\"high\" decoding=\"async\" width=\"2000\" height=\"701\" src=\"https:\/\/northernmarketing.fi\/wp-content\/uploads\/2022\/06\/Tiimi.jpg\" class=\"attachment-full size-full wp-image-1036\" alt=\"\" srcset=\"https:\/\/northernmarketing.fi\/wp-content\/uploads\/2022\/06\/Tiimi.jpg 2000w, https:\/\/northernmarketing.fi\/wp-content\/uploads\/2022\/06\/Tiimi-300x105.jpg 300w, https:\/\/northernmarketing.fi\/wp-content\/uploads\/2022\/06\/Tiimi-1024x359.jpg 1024w, https:\/\/northernmarketing.fi\/wp-content\/uploads\/2022\/06\/Tiimi-768x269.jpg 768w, https:\/\/northernmarketing.fi\/wp-content\/uploads\/2022\/06\/Tiimi-1536x538.jpg 1536w\" sizes=\"(max-width: 2000px) 100vw, 2000px\" \/>\t\t\t\t\t\t\t\t\t\t\t\t\t<\/div>\n\t\t\t\t<\/div>\n\t\t\t\t\t<\/div>\n\t\t<\/div>\n\t\t\t\t\t<\/div>\n\t\t<\/section>\n\t\t\t\t<section class=\"elementor-section elementor-top-section elementor-element elementor-element-a4db03f elementor-section-height-min-height elementor-section-items-stretch elementor-section-boxed elementor-section-height-default\" data-id=\"a4db03f\" data-element_type=\"section\" data-settings=\"{&quot;jet_parallax_layout_list&quot;:[]}\">\n\t\t\t\t\t\t<div class=\"elementor-container elementor-column-gap-default\">\n\t\t\t\t\t<div class=\"elementor-column elementor-col-50 elementor-top-column elementor-element elementor-element-a9878ff\" data-id=\"a9878ff\" data-element_type=\"column\">\n\t\t\t<div class=\"elementor-widget-wrap elementor-element-populated\">\n\t\t\t\t\t\t<div class=\"elementor-element elementor-element-cf7548c elementor-widget elementor-widget-heading\" data-id=\"cf7548c\" data-element_type=\"widget\" data-widget_type=\"heading.default\">\n\t\t\t\t<div class=\"elementor-widget-container\">\n\t\t\t<h2 class=\"elementor-heading-title elementor-size-default\">Vuosien kokemuksella<\/h2>\t\t<\/div>\n\t\t\t\t<\/div>\n\t\t\t\t<div class=\"elementor-element elementor-element-4438a05 elementor-widget elementor-widget-text-editor\" data-id=\"4438a05\" data-element_type=\"widget\" data-widget_type=\"text-editor.default\">\n\t\t\t\t<div class=\"elementor-widget-container\">\n\t\t\t\t\t\t\t<p>Osa koodareistamme on aloittanut koodaamisen kun internet vasta ensi kertoja alkoi levit\u00e4 valtav\u00e4est\u00f6n keskuuteen.<\/p><p>Suunnittelijamme ovat olleet mukana kehitt\u00e4m\u00e4ss\u00e4 johtavia br\u00e4ndej\u00e4 eri puolilla pohjoismaita.<\/p><p>Yhdess\u00e4 voimme tavoittaa sinun kunnianhimoiset tavoitteesi ja vied\u00e4 yrityksesi uudelle tasolle yhdist\u00e4m\u00e4ll\u00e4 meid\u00e4n ammatitaitomme digimainonnassa ja sinun asiantuntijuutesi omalla alallasi.<\/p><p>Together, we can reach your ambitious goals and take your business to the next level by combining our professionalism in the digital world and your expertise in your own field.<\/p><p>Ja mik\u00e4 parasta, koska saat kaikki digimarkkinoinnin palvelut saman katon alta, sinun ei tarvitse vaihtaa yhteisty\u00f6kumppania jatkaaksesi liiketoimintasi kehitt\u00e4mist\u00e4.<\/p><p>Jos haluat menesty\u00e4, on avain tehd\u00e4 yhteysty\u00f6t\u00e4 ihmisten kanssa, jotka ovat luoneet menestyksekk\u00e4it\u00e4 tarinoita.<\/p>\t\t\t\t\t\t<\/div>\n\t\t\t\t<\/div>\n\t\t\t\t\t<\/div>\n\t\t<\/div>\n\t\t\t\t<div class=\"elementor-column elementor-col-50 elementor-top-column elementor-element elementor-element-2b57464\" data-id=\"2b57464\" data-element_type=\"column\" data-settings=\"{&quot;background_background&quot;:&quot;classic&quot;}\">\n\t\t\t<div class=\"elementor-widget-wrap elementor-element-populated\">\n\t\t\t\t\t\t<div class=\"elementor-element elementor-element-5a872e8 elementor-hidden-desktop elementor-hidden-tablet elementor-widget elementor-widget-spacer\" data-id=\"5a872e8\" data-element_type=\"widget\" data-widget_type=\"spacer.default\">\n\t\t\t\t<div class=\"elementor-widget-container\">\n\t\t\t\t\t<div class=\"elementor-spacer\">\n\t\t\t<div class=\"elementor-spacer-inner\"><\/div>\n\t\t<\/div>\n\t\t\t\t<\/div>\n\t\t\t\t<\/div>\n\t\t\t\t\t<\/div>\n\t\t<\/div>\n\t\t\t\t\t<\/div>\n\t\t<\/section>\n\t\t\t\t<section class=\"elementor-section elementor-top-section elementor-element elementor-element-4dc4b73 elementor-section-boxed elementor-section-height-default elementor-section-height-default\" data-id=\"4dc4b73\" data-element_type=\"section\" data-settings=\"{&quot;jet_parallax_layout_list&quot;:[]}\">\n\t\t\t\t\t\t<div class=\"elementor-container elementor-column-gap-default\">\n\t\t\t\t\t<div class=\"elementor-column elementor-col-100 elementor-top-column elementor-element elementor-element-ec548ed\" data-id=\"ec548ed\" data-element_type=\"column\">\n\t\t\t<div class=\"elementor-widget-wrap elementor-element-populated\">\n\t\t\t\t\t\t<div class=\"elementor-element elementor-element-d586961 elementor-widget elementor-widget-heading\" data-id=\"d586961\" data-element_type=\"widget\" data-widget_type=\"heading.default\">\n\t\t\t\t<div class=\"elementor-widget-container\">\n\t\t\t<h2 class=\"elementor-heading-title elementor-size-default\">Tutustu myyntitiimiimme! <\/h2>\t\t<\/div>\n\t\t\t\t<\/div>\n\t\t\t\t<div class=\"elementor-element elementor-element-536e23e elementor-hidden-mobile elementor-widget elementor-widget-jet-image-accordion\" data-id=\"536e23e\" data-element_type=\"widget\" data-widget_type=\"jet-image-accordion.default\">\n\t\t\t\t<div class=\"elementor-widget-container\">\n\t\t\t<div class=\"elementor-jet-image-accordion jet-tabs-addons\"><div class=\"jet-image-accordion jet-image-accordion--orientation jet-image-accordion-sine-ease\" role=\"tablist\" data-settings=\"{&quot;orientation&quot;:null,&quot;activeSize&quot;:{&quot;unit&quot;:&quot;%&quot;,&quot;size&quot;:50,&quot;sizes&quot;:[]},&quot;duration&quot;:500,&quot;activeItem&quot;:-1}\">\n\t<div class=\"jet-image-accordion__list\">\n<div class=\"jet-image-accordion__item\" role=\"tab\" aria-selected=\"false\" tabindex=\"0\">\n<img decoding=\"async\" class=\"jet-image-accordion__image-instance\" src=\"https:\/\/northernmarketing.fi\/wp-content\/uploads\/2022\/07\/DSC03561-scaled.jpg\" alt=\"Joel\">\t<div class=\"jet-image-accordion__content\"><h5 class=\"jet-image-accordion__title\">Joel<\/h5><div class=\"jet-image-accordion__desc\">Joel on sanavalmis mediamyynnin mestari suoraan Iisalmesta. Joel vietti lapsuutensa nautojen keskell\u00e4 Pohjois- Savossa, mutta on sittemmin vaihtanut maaseudun hiihtoladut kuntosaliin kaupungilla ja toimistoon keskustan sykkeess\u00e4. <\/div><\/div>\n\t<div class=\"jet-image-accordion__item-loader\"><span><\/span><\/div>\n<\/div>\n<div class=\"jet-image-accordion__item\" role=\"tab\" aria-selected=\"false\" tabindex=\"0\">\n<img decoding=\"async\" class=\"jet-image-accordion__image-instance\" src=\"https:\/\/northernmarketing.fi\/wp-content\/uploads\/2022\/07\/25112021-DSC03551.jpg\" alt=\"Hans\">\t<div class=\"jet-image-accordion__content\"><h5 class=\"jet-image-accordion__title\">Hans<\/h5><div class=\"jet-image-accordion__desc\">Hans on leppoisa Saamelaisvahvistus kaukaa Lapista, joka sulattaa niin kollegoiden kun asiakkaidenkin syd\u00e4met. Hans on reilu ja rehti, sek\u00e4 ty\u00f6yhteis\u00f6ss\u00e4, ett\u00e4 padel kent\u00e4ll\u00e4, jossa h\u00e4n viihtyykin tavallisesti useamman kerran viikossa. Kes\u00e4isin Hans matkustaa tavallisesti m\u00f6killeen takaisin Lappiin hyttysten sy\u00f6t\u00e4v\u00e4ksi. <\/div><\/div>\n\t<div class=\"jet-image-accordion__item-loader\"><span><\/span><\/div>\n<\/div>\n<div class=\"jet-image-accordion__item\" role=\"tab\" aria-selected=\"false\" tabindex=\"0\">\n<img decoding=\"async\" class=\"jet-image-accordion__image-instance\" src=\"https:\/\/northernmarketing.fi\/wp-content\/uploads\/2022\/07\/25112021-DSC03580-scaled.jpg\" alt=\"25112021-DSC03580\">\t<div class=\"jet-image-accordion__content\"><h5 class=\"jet-image-accordion__title\">Stephanie<\/h5><div class=\"jet-image-accordion__desc\">Stephanien todellinen intohimo on myynti ja liiketoiminnan kehitt\u00e4minen. Toimiston ulkopuolella Stefi innostuu milloin mist\u00e4kin ja t\u00e4ll\u00e4 hetkell\u00e4 h\u00e4n kaipailisi kaveria windsurfaamiseen. Vaikka vapaa- ajan kiinnostuksen kohteet vaihtelevat, n\u00e4kyy tavoitteellisuus kaikessa tekemisess\u00e4, niin t\u00f6iss\u00e4 kuin vapaa- ajallakin.<\/div><\/div>\n\t<div class=\"jet-image-accordion__item-loader\"><span><\/span><\/div>\n<\/div>\n<div class=\"jet-image-accordion__item\" role=\"tab\" aria-selected=\"false\" tabindex=\"0\">\n<img decoding=\"async\" class=\"jet-image-accordion__image-instance\" src=\"https:\/\/northernmarketing.fi\/wp-content\/uploads\/2022\/07\/25112021-DSC03626-scaled.jpg\" alt=\"25112021-DSC03626\">\t<div class=\"jet-image-accordion__content\"><h5 class=\"jet-image-accordion__title\">Ani<\/h5><div class=\"jet-image-accordion__desc\">Ani vaihtoi ministeri\u00f6ist\u00e4 myynnin pariin ja on kasvanut rooliinsa verkkomyynnin ammattilaiseksi. Ilman aiempaa myynnillist\u00e4 taustaa Ani  takoo kovia diilej\u00e4 persoonallisella otteella. Vapaa- aikansa Ani viett\u00e4\u00e4 kavereiden kanssa ja v\u00e4istellen villisikoja iltalenkill\u00e4.<\/div><\/div>\n\t<div class=\"jet-image-accordion__item-loader\"><span><\/span><\/div>\n<\/div>\n<div class=\"jet-image-accordion__item\" role=\"tab\" aria-selected=\"false\" tabindex=\"0\">\n<img decoding=\"async\" class=\"jet-image-accordion__image-instance\" src=\"https:\/\/northernmarketing.fi\/wp-content\/uploads\/2022\/07\/derek-1.png\" alt=\"derek\">\t<div class=\"jet-image-accordion__content\"><h5 class=\"jet-image-accordion__title\">Derek<\/h5><div class=\"jet-image-accordion__desc\">Derek on myyntitiimin tuorein kasvo ja porukan juniori. H\u00e4n on omaksunut roolinsa nopeasti ja on toimiston positiivinen uusi kasvo. Derek puhuu toisena kielen\u00e4\u00e4n englantia, on kiinnostunut jalkapallosta ja kannattaakin Paris Saint- Germania. Urheilullinen Derek k\u00e4y my\u00f6s ahkerasti kuntosalilla. <\/div><\/div>\n\t<div class=\"jet-image-accordion__item-loader\"><span><\/span><\/div>\n<\/div>\n<\/div>\n<\/div>\n<\/div>\t\t<\/div>\n\t\t\t\t<\/div>\n\t\t\t\t\t<\/div>\n\t\t<\/div>\n\t\t\t\t\t<\/div>\n\t\t<\/section>\n\t\t\t\t<section class=\"elementor-section elementor-top-section elementor-element elementor-element-02398f4 elementor-section-boxed elementor-section-height-default elementor-section-height-default\" data-id=\"02398f4\" data-element_type=\"section\" data-settings=\"{&quot;jet_parallax_layout_list&quot;:[]}\">\n\t\t\t\t\t\t<div class=\"elementor-container elementor-column-gap-default\">\n\t\t\t\t\t<div class=\"elementor-column elementor-col-100 elementor-top-column elementor-element elementor-element-958fee3\" data-id=\"958fee3\" data-element_type=\"column\">\n\t\t\t<div class=\"elementor-widget-wrap elementor-element-populated\">\n\t\t\t\t\t\t<div class=\"elementor-element elementor-element-739debc elementor-hidden-desktop elementor-hidden-tablet elementor--h-position-center elementor--v-position-middle elementor-arrows-position-inside elementor-pagination-position-inside elementor-widget elementor-widget-slides\" data-id=\"739debc\" data-element_type=\"widget\" data-settings=\"{&quot;navigation&quot;:&quot;both&quot;,&quot;autoplay&quot;:&quot;yes&quot;,&quot;pause_on_hover&quot;:&quot;yes&quot;,&quot;pause_on_interaction&quot;:&quot;yes&quot;,&quot;autoplay_speed&quot;:5000,&quot;infinite&quot;:&quot;yes&quot;,&quot;transition&quot;:&quot;slide&quot;,&quot;transition_speed&quot;:500}\" data-widget_type=\"slides.default\">\n\t\t\t\t<div class=\"elementor-widget-container\">\n\t\t\t\t\t<div class=\"elementor-swiper\">\n\t\t\t<div class=\"elementor-slides-wrapper elementor-main-swiper swiper\" dir=\"ltr\" data-animation=\"fadeInUp\">\n\t\t\t\t<div class=\"swiper-wrapper elementor-slides\">\n\t\t\t\t\t\t\t\t\t\t<div class=\"elementor-repeater-item-e5fc340 swiper-slide\"><div class=\"swiper-slide-bg elementor-ken-burns elementor-ken-burns--in\" role=\"img\"><\/div><div class=\"elementor-background-overlay\"><\/div><div class=\"swiper-slide-inner\" ><div class=\"swiper-slide-contents\"><div class=\"elementor-slide-heading\">Joel<\/div><div class=\"elementor-slide-description\">Joel on sanavalmis mediamyynnin mestari suoraan Iisalmesta. Joel vietti lapsuutensa nautojen keskell\u00e4 Pohjois- Savossa, mutta on sittemmin vaihtanut maaseudun hiihtoladut kuntosaliin kaupungilla ja toimistoon keskustan sykkeess\u00e4. <\/div><\/div><\/div><\/div><div class=\"elementor-repeater-item-a19ea06 swiper-slide\"><div class=\"swiper-slide-bg elementor-ken-burns elementor-ken-burns--in\" role=\"img\"><\/div><div class=\"elementor-background-overlay\"><\/div><div class=\"swiper-slide-inner\" ><div class=\"swiper-slide-contents\"><div class=\"elementor-slide-heading\">Hans<\/div><div class=\"elementor-slide-description\">Hans on leppoisa Saamelaisvahvistus kaukaa Lapista, joka sulattaa niin kollegoiden kun asiakkaidenkin syd\u00e4met. Hans on reilu ja rehti, sek\u00e4 ty\u00f6yhteis\u00f6ss\u00e4, ett\u00e4 padel kent\u00e4ll\u00e4, jossa h\u00e4n viihtyykin tavallisesti useamman kerran viikossa. Kes\u00e4isin Hans matkustaa tavallisesti m\u00f6killeen takaisin Lappiin hyttysten sy\u00f6t\u00e4v\u00e4ksi. <\/div><\/div><\/div><\/div><div class=\"elementor-repeater-item-78f8087 swiper-slide\"><div class=\"swiper-slide-bg elementor-ken-burns elementor-ken-burns--in\" role=\"img\"><\/div><div class=\"elementor-background-overlay\"><\/div><div class=\"swiper-slide-inner\" ><div class=\"swiper-slide-contents\"><div class=\"elementor-slide-heading\">Stephanie<\/div><div class=\"elementor-slide-description\">Stephanien todellinen intohimo on myynti ja liiketoiminnan kehitt\u00e4minen. Toimiston ulkopuolella Stefi innostuu milloin mist\u00e4kin ja t\u00e4ll\u00e4 hetkell\u00e4 h\u00e4n kaipailisi kaveria windsurfaamiseen. Vaikka vapaa- ajan kiinnostuksen kohteet vaihtelevat, n\u00e4kyy tavoitteellisuus kaikessa tekemisess\u00e4, niin t\u00f6iss\u00e4 kuin vapaa- ajallakin.<\/div><\/div><\/div><\/div><div class=\"elementor-repeater-item-d41a5c4 swiper-slide\"><div class=\"swiper-slide-bg elementor-ken-burns elementor-ken-burns--in\" role=\"img\"><\/div><div class=\"elementor-background-overlay\"><\/div><div class=\"swiper-slide-inner\" ><div class=\"swiper-slide-contents\"><div class=\"elementor-slide-heading\">Ani<\/div><div class=\"elementor-slide-description\">Ani vaihtoi ministeri\u00f6ist\u00e4 myynnin pariin ja on kasvanut rooliinsa verkkomyynnin ammattilaiseksi. Ilman aiempaa myynnillist\u00e4 taustaa Ani  takoo kovia diilej\u00e4 persoonallisella otteella. Vapaa- aikansa Ani viett\u00e4\u00e4 kavereiden kanssa ja v\u00e4istellen villisikoja iltalenkill\u00e4.<\/div><\/div><\/div><\/div><div class=\"elementor-repeater-item-a71bb1a swiper-slide\"><div class=\"swiper-slide-bg elementor-ken-burns elementor-ken-burns--in\" role=\"img\"><\/div><div class=\"elementor-background-overlay\"><\/div><div class=\"swiper-slide-inner\" ><div class=\"swiper-slide-contents\"><div class=\"elementor-slide-heading\">Derek<\/div><div class=\"elementor-slide-description\">Derek on myyntitiimin tuorein kasvo ja porukan juniori. H\u00e4n on omaksunut roolinsa nopeasti ja on toimiston positiivinen uusi kasvo. Derek puhuu toisena kielen\u00e4\u00e4n englantia, on kiinnostunut jalkapallosta ja kannattaakin Paris Saint- Germania. Urheilullinen Derek k\u00e4y my\u00f6s ahkerasti kuntosalilla. <\/div><\/div><\/div><\/div>\t\t\t\t<\/div>\n\t\t\t\t\t\t\t\t\t\t\t\t\t\t\t<div class=\"swiper-pagination\"><\/div>\n\t\t\t\t\t\t\t\t\t\t\t\t\t\t\t\t<div class=\"elementor-swiper-button elementor-swiper-button-prev\" role=\"button\" tabindex=\"0\">\n\t\t\t\t\t\t\t<i aria-hidden=\"true\" class=\"eicon-chevron-left\"><\/i>\t\t\t\t\t\t\t<span class=\"elementor-screen-only\">Previous slide<\/span>\n\t\t\t\t\t\t<\/div>\n\t\t\t\t\t\t<div class=\"elementor-swiper-button elementor-swiper-button-next\" role=\"button\" tabindex=\"0\">\n\t\t\t\t\t\t\t<i aria-hidden=\"true\" class=\"eicon-chevron-right\"><\/i>\t\t\t\t\t\t\t<span class=\"elementor-screen-only\">Next slide<\/span>\n\t\t\t\t\t\t<\/div>\n\t\t\t\t\t\t\t\t\t\t\t\t<\/div>\n\t\t<\/div>\n\t\t\t\t<\/div>\n\t\t\t\t<\/div>\n\t\t\t\t\t<\/div>\n\t\t<\/div>\n\t\t\t\t\t<\/div>\n\t\t<\/section>\n\t\t\t\t<\/div>","protected":false},"excerpt":{"rendered":"<p>Who we are Our team consist of best digital marketing professionals and specialist. We are customer orientated content creators, designers, coders and coordinators. In addition we have our own sales team that focuses on media and project sales.\u00a0 We know that there can be a lot pit walls along the way when growing your business [&hellip;]<\/p>","protected":false},"author":2,"featured_media":0,"parent":0,"menu_order":0,"comment_status":"closed","ping_status":"closed","template":"","meta":{"inline_featured_image":false,"footnotes":""},"_links":{"self":[{"href":"https:\/\/northernmarketing.fi\/fi\/wp-json\/wp\/v2\/pages\/641"}],"collection":[{"href":"https:\/\/northernmarketing.fi\/fi\/wp-json\/wp\/v2\/pages"}],"about":[{"href":"https:\/\/northernmarketing.fi\/fi\/wp-json\/wp\/v2\/types\/page"}],"author":[{"embeddable":true,"href":"https:\/\/northernmarketing.fi\/fi\/wp-json\/wp\/v2\/users\/2"}],"replies":[{"embeddable":true,"href":"https:\/\/northernmarketing.fi\/fi\/wp-json\/wp\/v2\/comments?post=641"}],"version-history":[{"count":245,"href":"https:\/\/northernmarketing.fi\/fi\/wp-json\/wp\/v2\/pages\/641\/revisions"}],"predecessor-version":[{"id":1615,"href":"https:\/\/northernmarketing.fi\/fi\/wp-json\/wp\/v2\/pages\/641\/revisions\/1615"}],"wp:attachment":[{"href":"https:\/\/northernmarketing.fi\/fi\/wp-json\/wp\/v2\/media?parent=641"}],"curies":[{"name":"wp","href":"https:\/\/api.w.org\/{rel}","templated":true}]}}