{"id":6,"date":"2021-10-20T15:11:36","date_gmt":"2021-10-20T15:11:36","guid":{"rendered":"https:\/\/northernmarketing.fi\/?page_id=6"},"modified":"2022-07-18T08:50:37","modified_gmt":"2022-07-18T08:50:37","slug":"etusivu","status":"publish","type":"page","link":"https:\/\/northernmarketing.fi\/fi\/","title":{"rendered":"Etusivu"},"content":{"rendered":"<div data-elementor-type=\"wp-page\" data-elementor-id=\"6\" class=\"elementor elementor-6\" data-elementor-post-type=\"page\">\n\t\t\t\t\t\t<section class=\"elementor-section elementor-top-section elementor-element elementor-element-8a57525 elementor-section-height-min-height elementor-section-items-stretch elementor-section-boxed elementor-section-height-default\" data-id=\"8a57525\" data-element_type=\"section\" data-settings=\"{&quot;jet_parallax_layout_list&quot;:[]}\">\n\t\t\t\t\t\t<div class=\"elementor-container elementor-column-gap-default\">\n\t\t\t\t\t<div class=\"elementor-column elementor-col-50 elementor-top-column elementor-element elementor-element-e5b7d69\" data-id=\"e5b7d69\" data-element_type=\"column\">\n\t\t\t<div class=\"elementor-widget-wrap elementor-element-populated\">\n\t\t\t\t\t\t<div class=\"elementor-element elementor-element-5ec14ec elementor-widget elementor-widget-heading\" data-id=\"5ec14ec\" data-element_type=\"widget\" data-widget_type=\"heading.default\">\n\t\t\t\t<div class=\"elementor-widget-container\">\n\t\t\t<h1 class=\"elementor-heading-title elementor-size-default\">Rakennamme br\u00e4ndisi luovasti<\/h1>\t\t<\/div>\n\t\t\t\t<\/div>\n\t\t\t\t<div class=\"elementor-element elementor-element-73001f4 elementor-widget elementor-widget-text-editor\" data-id=\"73001f4\" data-element_type=\"widget\" data-widget_type=\"text-editor.default\">\n\t\t\t\t<div class=\"elementor-widget-container\">\n\t\t\t\t\t\t\t<p class=\" translation-block\">Northern Lights Marketing SL on johtava verkkotuotantoon, kehitt\u00e4miseen ja suunnitteluun ja markkinointiin keskittyv\u00e4 digitoimisto. Palvelemme kaikenkokoisia yrityksi\u00e4 kaikkialla maailmassa.<\/p>\t\t\t\t\t\t<\/div>\n\t\t\t\t<\/div>\n\t\t\t\t<div class=\"elementor-element elementor-element-e0b5381 grad elementor-widget elementor-widget-button\" data-id=\"e0b5381\" data-element_type=\"widget\" data-widget_type=\"button.default\">\n\t\t\t\t<div class=\"elementor-widget-container\">\n\t\t\t\t\t\t\t<div class=\"elementor-button-wrapper\">\n\t\t\t\t\t<a class=\"elementor-button elementor-button-link elementor-size-sm\" href=\"https:\/\/northernmarketing.fi\/fi\/contact\/\">\n\t\t\t\t\t\t<span class=\"elementor-button-content-wrapper\">\n\t\t\t\t\t\t\t\t\t<span class=\"elementor-button-text\">Ota yhteytt\u00e4<\/span>\n\t\t\t\t\t<\/span>\n\t\t\t\t\t<\/a>\n\t\t\t\t<\/div>\n\t\t\t\t\t\t<\/div>\n\t\t\t\t<\/div>\n\t\t\t\t\t<\/div>\n\t\t<\/div>\n\t\t\t\t<div class=\"elementor-column elementor-col-50 elementor-top-column elementor-element elementor-element-28fa028\" data-id=\"28fa028\" data-element_type=\"column\" data-settings=\"{&quot;background_background&quot;:&quot;classic&quot;}\">\n\t\t\t<div class=\"elementor-widget-wrap elementor-element-populated\">\n\t\t\t\t\t\t<div class=\"elementor-element elementor-element-b32d04a elementor-hidden-desktop elementor-hidden-tablet elementor-widget elementor-widget-spacer\" data-id=\"b32d04a\" data-element_type=\"widget\" data-widget_type=\"spacer.default\">\n\t\t\t\t<div class=\"elementor-widget-container\">\n\t\t\t\t\t<div class=\"elementor-spacer\">\n\t\t\t<div class=\"elementor-spacer-inner\"><\/div>\n\t\t<\/div>\n\t\t\t\t<\/div>\n\t\t\t\t<\/div>\n\t\t\t\t\t<\/div>\n\t\t<\/div>\n\t\t\t\t\t<\/div>\n\t\t<\/section>\n\t\t\t\t<section class=\"elementor-section elementor-top-section elementor-element elementor-element-fba7180 elementor-section-boxed elementor-section-height-default elementor-section-height-default\" data-id=\"fba7180\" data-element_type=\"section\" data-settings=\"{&quot;jet_parallax_layout_list&quot;:[]}\">\n\t\t\t\t\t\t<div class=\"elementor-container elementor-column-gap-default\">\n\t\t\t\t\t<div class=\"elementor-column elementor-col-25 elementor-top-column elementor-element elementor-element-1eeac1e\" data-id=\"1eeac1e\" data-element_type=\"column\">\n\t\t\t<div class=\"elementor-widget-wrap elementor-element-populated\">\n\t\t\t\t\t\t<div class=\"elementor-element elementor-element-2344654 elementor-widget elementor-widget-heading\" data-id=\"2344654\" data-element_type=\"widget\" data-widget_type=\"heading.default\">\n\t\t\t\t<div class=\"elementor-widget-container\">\n\t\t\t<h3 class=\"elementor-heading-title elementor-size-default\">Mit\u00e4 teemme?<\/h3>\t\t<\/div>\n\t\t\t\t<\/div>\n\t\t\t\t<div class=\"elementor-element elementor-element-18c1b46 elementor-widget elementor-widget-text-editor\" data-id=\"18c1b46\" data-element_type=\"widget\" data-widget_type=\"text-editor.default\">\n\t\t\t\t<div class=\"elementor-widget-container\">\n\t\t\t\t\t\t\t<div class=\"elementor-element elementor-element-6c0c272a elementor-widget elementor-widget-text-editor\" data-id=\"6c0c272a\" data-element_type=\"widget\" data-widget_type=\"text-editor.default\"><div class=\"elementor-widget-container\">Suunnittelemme tehokkaita applikaatioita, kustomoituja nettisivuja, verkkokauppoja ja kehit\u00e4mme korkealuokkaisia br\u00e4ndej\u00e4, jotka mahdollistavat poikkeuksellisen upean k\u00e4ytt\u00f6kokemuksen<\/div><\/div><div class=\"elementor-element elementor-element-ace1f8d elementor-widget elementor-widget-text-editor\" data-id=\"ace1f8d\" data-element_type=\"widget\" data-widget_type=\"text-editor.default\"><div class=\"elementor-widget-container\">Tee vaikutus mieleen j\u00e4\u00e4v\u00e4ll\u00e4 br\u00e4ndill\u00e4, joka tekee koko liiketoiminnastasi yhten\u00e4isen.<\/div><div>\u00a0<\/div><div class=\"elementor-widget-container\">Keskitymme my\u00f6s media- ja projektimyyntiin\u00a0<\/div><\/div><div>\u00a0<\/div>\t\t\t\t\t\t<\/div>\n\t\t\t\t<\/div>\n\t\t\t\t\t<\/div>\n\t\t<\/div>\n\t\t\t\t<div class=\"elementor-column elementor-col-25 elementor-top-column elementor-element elementor-element-d89f187\" data-id=\"d89f187\" data-element_type=\"column\" data-settings=\"{&quot;background_background&quot;:&quot;classic&quot;}\">\n\t\t\t<div class=\"elementor-widget-wrap elementor-element-populated\">\n\t\t\t\t\t\t<div class=\"elementor-element elementor-element-658c780 elementor-view-default elementor-widget elementor-widget-icon\" data-id=\"658c780\" data-element_type=\"widget\" data-widget_type=\"icon.default\">\n\t\t\t\t<div class=\"elementor-widget-container\">\n\t\t\t\t\t<div class=\"elementor-icon-wrapper\">\n\t\t\t<div class=\"elementor-icon\">\n\t\t\t<svg xmlns=\"http:\/\/www.w3.org\/2000\/svg\" width=\"39\" height=\"40\" viewbox=\"0 0 39 40\"><path d=\"M28.169 1.88A1.442 1.442 0 0 0 25.432.97l-1.443 4.325a1.443 1.443 0 0 0 2.737.912L28.17 1.88zm8.786-.032a1.442 1.442 0 0 1 0 2.038l-4.808 4.809a1.442 1.442 0 1 1-2.04-2.039l4.81-4.808a1.442 1.442 0 0 1 2.038 0zM19.817 4.77a4.471 4.471 0 0 0-7.297 1.11L1.175 29.43a3.462 3.462 0 0 0 .745 4.02l2.768 2.611a3.463 3.463 0 0 0 3.777.647l2.726-1.208a7.693 7.693 0 0 0 14.068-6.232l6.578-2.916a4.474 4.474 0 0 0 1.458-7.14L19.817 4.773v-.002zm2.803 25.663a4.81 4.81 0 0 1-8.788 3.893l8.788-3.893zm8.988-16.99a1.443 1.443 0 0 1 1.442-1.443h3.847a1.443 1.443 0 0 1 0 2.886H33.05a1.443 1.443 0 0 1-1.442-1.443z\" fill=\"#2FA0DB\" fill-rule=\"nonzero\"><\/path><\/svg>\t\t\t<\/div>\n\t\t<\/div>\n\t\t\t\t<\/div>\n\t\t\t\t<\/div>\n\t\t\t\t<div class=\"elementor-element elementor-element-59a2029 elementor-widget elementor-widget-heading\" data-id=\"59a2029\" data-element_type=\"widget\" data-widget_type=\"heading.default\">\n\t\t\t\t<div class=\"elementor-widget-container\">\n\t\t\t<div class=\"elementor-heading-title elementor-size-default\">Markkinointi<\/div>\t\t<\/div>\n\t\t\t\t<\/div>\n\t\t\t\t<div class=\"elementor-element elementor-element-f88e59e elementor-widget elementor-widget-text-editor\" data-id=\"f88e59e\" data-element_type=\"widget\" data-widget_type=\"text-editor.default\">\n\t\t\t\t<div class=\"elementor-widget-container\">\n\t\t\t\t\t\t\t<p>Kerro meille kohderyhm\u00e4si ja me l\u00f6yd\u00e4mme parhaimman mahdollisen tavan saavuttaa yleis\u00f6si. Olemme erikoistuneet Googleen ja sosiaaliseen mediaan.<\/p>\t\t\t\t\t\t<\/div>\n\t\t\t\t<\/div>\n\t\t\t\t\t<\/div>\n\t\t<\/div>\n\t\t\t\t<div class=\"elementor-column elementor-col-25 elementor-top-column elementor-element elementor-element-ee3ed07\" data-id=\"ee3ed07\" data-element_type=\"column\" data-settings=\"{&quot;background_background&quot;:&quot;classic&quot;}\">\n\t\t\t<div class=\"elementor-widget-wrap elementor-element-populated\">\n\t\t\t\t\t\t<div class=\"elementor-element elementor-element-3946a68 elementor-view-default elementor-widget elementor-widget-icon\" data-id=\"3946a68\" data-element_type=\"widget\" data-widget_type=\"icon.default\">\n\t\t\t\t<div class=\"elementor-widget-container\">\n\t\t\t\t\t<div class=\"elementor-icon-wrapper\">\n\t\t\t<div class=\"elementor-icon\">\n\t\t\t<svg xmlns=\"http:\/\/www.w3.org\/2000\/svg\" width=\"40\" height=\"32\" viewbox=\"0 0 40 32\"><path d=\"M40 0H0v32h40V0zM4 10h21v7H4v-7zm0 11h21v7H4v-7zm32 7h-7V10h7v18z\" fill=\"#F74C7B\" fill-rule=\"nonzero\"><\/path><\/svg>\t\t\t<\/div>\n\t\t<\/div>\n\t\t\t\t<\/div>\n\t\t\t\t<\/div>\n\t\t\t\t<div class=\"elementor-element elementor-element-190fb79 elementor-widget elementor-widget-heading\" data-id=\"190fb79\" data-element_type=\"widget\" data-widget_type=\"heading.default\">\n\t\t\t\t<div class=\"elementor-widget-container\">\n\t\t\t<div class=\"elementor-heading-title elementor-size-default\">Media<\/div>\t\t<\/div>\n\t\t\t\t<\/div>\n\t\t\t\t<div class=\"elementor-element elementor-element-8f9de35 elementor-widget elementor-widget-text-editor\" data-id=\"8f9de35\" data-element_type=\"widget\" data-widget_type=\"text-editor.default\">\n\t\t\t\t<div class=\"elementor-widget-container\">\n\t\t\t\t\t\t\t<p>Me voimme tarjota jotakin, jota kukaan muu ei voi. Tehokkaan tavan mainostaa yrityst\u00e4si ainutlaatuisessa ymp\u00e4rist\u00f6ss\u00e4, jossa tavoitat tarkan kohderyhm\u00e4si.\u00a0<\/p>\t\t\t\t\t\t<\/div>\n\t\t\t\t<\/div>\n\t\t\t\t\t<\/div>\n\t\t<\/div>\n\t\t\t\t<div class=\"elementor-column elementor-col-25 elementor-top-column elementor-element elementor-element-0704532\" data-id=\"0704532\" data-element_type=\"column\" data-settings=\"{&quot;background_background&quot;:&quot;classic&quot;}\">\n\t\t\t<div class=\"elementor-widget-wrap elementor-element-populated\">\n\t\t\t\t\t\t<div class=\"elementor-element elementor-element-6e1460e elementor-view-default elementor-widget elementor-widget-icon\" data-id=\"6e1460e\" data-element_type=\"widget\" data-widget_type=\"icon.default\">\n\t\t\t\t<div class=\"elementor-widget-container\">\n\t\t\t\t\t<div class=\"elementor-icon-wrapper\">\n\t\t\t<div class=\"elementor-icon\">\n\t\t\t<svg xmlns=\"http:\/\/www.w3.org\/2000\/svg\" width=\"41\" height=\"41\" viewbox=\"0 0 41 41\"><path d=\"M10.833 7.117A3.333 3.333 0 0 0 7.5 10.45v5a3.333 3.333 0 0 0 3.333 3.334h5a3.333 3.333 0 0 0 3.333-3.334v-5a3.333 3.333 0 0 0-3.333-3.333h-5zm0 15A3.333 3.333 0 0 0 7.5 25.45v5a3.333 3.333 0 0 0 3.333 3.334h5a3.333 3.333 0 0 0 3.333-3.334v-5a3.333 3.333 0 0 0-3.333-3.333h-5zm15-15A3.333 3.333 0 0 0 22.5 10.45v5a3.334 3.334 0 0 0 3.333 3.334h5a3.333 3.333 0 0 0 3.333-3.334v-5a3.334 3.334 0 0 0-3.333-3.333h-5zm0 15A3.334 3.334 0 0 0 22.5 25.45v5a3.334 3.334 0 0 0 3.333 3.334h5a3.334 3.334 0 0 0 3.333-3.334v-5a3.334 3.334 0 0 0-3.333-3.333h-5zm-25-13.333A8.333 8.333 0 0 1 9.166.45H32.5a8.333 8.333 0 0 1 8.333 8.334v23.333A8.333 8.333 0 0 1 32.5 40.45H9.166a8.333 8.333 0 0 1-8.333-8.333V8.784zm8.333-5a5 5 0 0 0-5 5v23.333a5 5 0 0 0 5 5H32.5a4.999 4.999 0 0 0 5-5V8.784a5 5 0 0 0-5-5H9.166z\" fill=\"#F87769\" fill-rule=\"nonzero\"><\/path><\/svg>\t\t\t<\/div>\n\t\t<\/div>\n\t\t\t\t<\/div>\n\t\t\t\t<\/div>\n\t\t\t\t<div class=\"elementor-element elementor-element-2760d89 elementor-widget elementor-widget-heading\" data-id=\"2760d89\" data-element_type=\"widget\" data-widget_type=\"heading.default\">\n\t\t\t\t<div class=\"elementor-widget-container\">\n\t\t\t<div class=\"elementor-heading-title elementor-size-default\">Verkkokehitys<\/div>\t\t<\/div>\n\t\t\t\t<\/div>\n\t\t\t\t<div class=\"elementor-element elementor-element-4435961 elementor-widget elementor-widget-text-editor\" data-id=\"4435961\" data-element_type=\"widget\" data-widget_type=\"text-editor.default\">\n\t\t\t\t<div class=\"elementor-widget-container\">\n\t\t\t\t\t\t\t<p>Kehit\u00e4mme menestyvi\u00e4 sovelluksia, verkkosivustoja, verkkokauppoja ja paljon muuta, jotka edist\u00e4v\u00e4t yrityksen kasvua yhteisty\u00f6ss\u00e4 start-up-yritysten, yritt\u00e4jien ja yritysten omistajien kanssa.\u00a0<\/p>\t\t\t\t\t\t<\/div>\n\t\t\t\t<\/div>\n\t\t\t\t\t<\/div>\n\t\t<\/div>\n\t\t\t\t\t<\/div>\n\t\t<\/section>\n\t\t\t\t<section class=\"elementor-section elementor-top-section elementor-element elementor-element-54adad9 elementor-section-height-min-height elementor-section-items-stretch elementor-section-boxed elementor-section-height-default\" data-id=\"54adad9\" data-element_type=\"section\" data-settings=\"{&quot;jet_parallax_layout_list&quot;:[]}\">\n\t\t\t\t\t\t<div class=\"elementor-container elementor-column-gap-default\">\n\t\t\t\t\t<div class=\"elementor-column elementor-col-50 elementor-top-column elementor-element elementor-element-1379a06\" data-id=\"1379a06\" data-element_type=\"column\" data-settings=\"{&quot;background_background&quot;:&quot;classic&quot;}\">\n\t\t\t<div class=\"elementor-widget-wrap elementor-element-populated\">\n\t\t\t\t\t\t\t<\/div>\n\t\t<\/div>\n\t\t\t\t<div class=\"elementor-column elementor-col-50 elementor-top-column elementor-element elementor-element-b3abf3e\" data-id=\"b3abf3e\" data-element_type=\"column\">\n\t\t\t<div class=\"elementor-widget-wrap elementor-element-populated\">\n\t\t\t\t\t\t<div class=\"elementor-element elementor-element-536dc8d elementor-widget elementor-widget-heading\" data-id=\"536dc8d\" data-element_type=\"widget\" data-widget_type=\"heading.default\">\n\t\t\t\t<div class=\"elementor-widget-container\">\n\t\t\t<h2 class=\"elementor-heading-title elementor-size-default\">Enemm\u00e4n kuin digitoimisto<\/h2>\t\t<\/div>\n\t\t\t\t<\/div>\n\t\t\t\t<div class=\"elementor-element elementor-element-6218c86 elementor-widget elementor-widget-text-editor\" data-id=\"6218c86\" data-element_type=\"widget\" data-widget_type=\"text-editor.default\">\n\t\t\t\t<div class=\"elementor-widget-container\">\n\t\t\t\t\t\t\t<div class=\"elementor-element elementor-element-6c0c272a elementor-widget elementor-widget-text-editor\" data-id=\"6c0c272a\" data-element_type=\"widget\" data-widget_type=\"text-editor.default\"><div class=\"elementor-widget-container\">Northern Lights Marketing S.L on strateginen digitaalisen markkinoinnin toimisto Espanjassa ja Suomessa, joka on erikoistunut mobiilisovellusten, web-suunnittelun ja UX:n suunnitteluun ja kehitt\u00e4miseen.<\/div><div>\u00a0<\/div><\/div><div class=\"elementor-element elementor-element-ace1f8d elementor-widget elementor-widget-text-editor\" data-id=\"ace1f8d\" data-element_type=\"widget\" data-widget_type=\"text-editor.default\"><div class=\"elementor-widget-container\">\u00a0<\/div><\/div>\t\t\t\t\t\t<\/div>\n\t\t\t\t<\/div>\n\t\t\t\t<div class=\"elementor-element elementor-element-aa5f32d elementor-align-left elementor-widget elementor-widget-button\" data-id=\"aa5f32d\" data-element_type=\"widget\" data-widget_type=\"button.default\">\n\t\t\t\t<div class=\"elementor-widget-container\">\n\t\t\t\t\t\t\t<div class=\"elementor-button-wrapper\">\n\t\t\t\t\t<a class=\"elementor-button elementor-button-link elementor-size-sm\" href=\"https:\/\/northernmarketing.fi\/fi\/what-we-do\/\">\n\t\t\t\t\t\t<span class=\"elementor-button-content-wrapper\">\n\t\t\t\t\t\t\t\t\t<span class=\"elementor-button-text\">Lue lis\u00e4\u00e4<\/span>\n\t\t\t\t\t<\/span>\n\t\t\t\t\t<\/a>\n\t\t\t\t<\/div>\n\t\t\t\t\t\t<\/div>\n\t\t\t\t<\/div>\n\t\t\t\t\t<\/div>\n\t\t<\/div>\n\t\t\t\t\t<\/div>\n\t\t<\/section>\n\t\t\t\t<\/div>","protected":false},"excerpt":{"rendered":"<p>Building your brand creatively Northern Lights Marketing SL is a premier web design, web development, and digital marketing agency serving companies of all sizes and all over the world. Contact Us What do we do? We design high performance web applications, custom websites, e- commerce and develop premium brands that facilitate exceptional user experiences.Leave an [&hellip;]<\/p>","protected":false},"author":1,"featured_media":0,"parent":0,"menu_order":0,"comment_status":"closed","ping_status":"closed","template":"","meta":{"inline_featured_image":false,"footnotes":""},"_links":{"self":[{"href":"https:\/\/northernmarketing.fi\/fi\/wp-json\/wp\/v2\/pages\/6"}],"collection":[{"href":"https:\/\/northernmarketing.fi\/fi\/wp-json\/wp\/v2\/pages"}],"about":[{"href":"https:\/\/northernmarketing.fi\/fi\/wp-json\/wp\/v2\/types\/page"}],"author":[{"embeddable":true,"href":"https:\/\/northernmarketing.fi\/fi\/wp-json\/wp\/v2\/users\/1"}],"replies":[{"embeddable":true,"href":"https:\/\/northernmarketing.fi\/fi\/wp-json\/wp\/v2\/comments?post=6"}],"version-history":[{"count":447,"href":"https:\/\/northernmarketing.fi\/fi\/wp-json\/wp\/v2\/pages\/6\/revisions"}],"predecessor-version":[{"id":1380,"href":"https:\/\/northernmarketing.fi\/fi\/wp-json\/wp\/v2\/pages\/6\/revisions\/1380"}],"wp:attachment":[{"href":"https:\/\/northernmarketing.fi\/fi\/wp-json\/wp\/v2\/media?parent=6"}],"curies":[{"name":"wp","href":"https:\/\/api.w.org\/{rel}","templated":true}]}}